{"id":4279,"date":"2026-03-23T14:11:20","date_gmt":"2026-03-23T13:11:20","guid":{"rendered":"https:\/\/nl-premium.fr\/?page_id=4279"},"modified":"2026-03-31T15:38:39","modified_gmt":"2026-03-31T13:38:39","slug":"nos-vehicules","status":"publish","type":"page","link":"https:\/\/nlpremium.fr\/?page_id=4279","title":{"rendered":"Nos v\u00e9hicules"},"content":{"rendered":"\n\n\n\n\n\n\n\n\n\n\n\n\n\n\n\n\n\n\n\n\n\n\n\n\n<div class=\"dipi_image_accordion_0 dipi_image_accordion et_pb_bg_layout_light et_pb_module\"><div class=\"dipi_image_accordion_wrapper\" data-accordion-type=\"on_click\">\n                \n<div class=\"dipi_image_accordion_child_0 dipi_image_accordion_child et_pb_bg_layout_light et_pb_module\"><div class=\"dipi-ia-image-bg\" style=\"position: relative;\">\n                <div class=\"dipi-bg-img-wrapper\" style=\"position: absolute; top: 0; left: 0; width: 100%; height: 100%; z-index: 0; overflow: hidden;\">\n\t\t\t\t<img loading=\"lazy\" decoding=\"async\" src=\"https:\/\/nlpremium.fr\/wp-content\/uploads\/2026\/03\/1669808759-277365613_345648377515086_8416281309914653463_n.jpg\" alt=\"Fourgon 3 M3\" width=\"950\" height=\"650\" srcset=\"https:\/\/nlpremium.fr\/wp-content\/uploads\/2026\/03\/1669808759-277365613_345648377515086_8416281309914653463_n.jpg 950w, https:\/\/nlpremium.fr\/wp-content\/uploads\/2026\/03\/1669808759-277365613_345648377515086_8416281309914653463_n-480x328.jpg 480w\" sizes=\"(min-width: 0px) and (max-width: 480px) 480px, (min-width: 481px) 950px, 100vw\" class=\"wp-image-4306\" \/>\n\t\t\t<\/div>\n                <div class=\"dipi_image_accordion_bg dipi_hide_on_hover\"><\/div>\n                <div class=\"dipi_image_accordion_bg_hover\"><\/div>\n                <div class=\"dipi_image_accordion_child_content_wrapper dipi-align-horizontal-center dipi-align-vertical-center\">\n                    <div class=\"dipi-accordion-content\" data-active-on-load=\"\" data-active-on-load-tablet=\"\" data-active-on-load-phone=\"\">\n                        \n                        <h3 class=\"dipi-accordion-title\"><div>3 M3<\/div><\/h3>\n                        <div class=\"dipi-accordion-description\"><div><p style=\"text-align: center;\"><span>\u00a0Longueur au sol 1 m 70\u00a0<\/span><br aria-hidden=\"true\" \/><span>\u00a0Largeur int\u00e9rieure max entre les passages de roues 1m 30\u00a0<\/span><br aria-hidden=\"true\" \/><span>\u00a0Hauteur 1m 20<\/span><\/p><\/div><\/div>\n                        \n                    <\/div>\n                <\/div>\n            <\/div><\/div>\n\n<div class=\"dipi_image_accordion_child_1 dipi_image_accordion_child et_pb_bg_layout_light et_pb_module\"><div class=\"dipi-ia-image-bg\" style=\"position: relative;\">\n                <div class=\"dipi-bg-img-wrapper\" style=\"position: absolute; top: 0; left: 0; width: 100%; height: 100%; z-index: 0; overflow: hidden;\">\n\t\t\t\t<img loading=\"lazy\" decoding=\"async\" src=\"https:\/\/nlpremium.fr\/wp-content\/uploads\/2026\/03\/481000908_1129021935688795_6863267486966590541_n.jpg\" alt=\"Fourgon 13 M3\" width=\"1536\" height=\"2048\" srcset=\"https:\/\/nlpremium.fr\/wp-content\/uploads\/2026\/03\/481000908_1129021935688795_6863267486966590541_n.jpg 1536w, https:\/\/nlpremium.fr\/wp-content\/uploads\/2026\/03\/481000908_1129021935688795_6863267486966590541_n-1280x1707.jpg 1280w, https:\/\/nlpremium.fr\/wp-content\/uploads\/2026\/03\/481000908_1129021935688795_6863267486966590541_n-980x1307.jpg 980w, https:\/\/nlpremium.fr\/wp-content\/uploads\/2026\/03\/481000908_1129021935688795_6863267486966590541_n-480x640.jpg 480w\" sizes=\"(min-width: 0px) and (max-width: 480px) 480px, (min-width: 481px) and (max-width: 980px) 980px, (min-width: 981px) and (max-width: 1280px) 1280px, (min-width: 1281px) 1536px, 100vw\" class=\"wp-image-4305\" \/>\n\t\t\t<\/div>\n                <div class=\"dipi_image_accordion_bg dipi_hide_on_hover\"><\/div>\n                <div class=\"dipi_image_accordion_bg_hover\"><\/div>\n                <div class=\"dipi_image_accordion_child_content_wrapper dipi-align-horizontal-center dipi-align-vertical-center\">\n                    <div class=\"dipi-accordion-content\" data-active-on-load=\"1\" data-active-on-load-tablet=\"1\" data-active-on-load-phone=\"1\">\n                        \n                        <h3 class=\"dipi-accordion-title\"><div>13 M3<\/div><\/h3>\n                        <div class=\"dipi-accordion-description\"><div><p><span>Longueur au sol 3 m 733 mm<\/span><span>\u00a0<br \/><\/span><span>Longueur \u00e0 1,1 m au dessus du sol 3 m 680<\/span><\/p><\/div><\/div>\n                        \n                    <\/div>\n                <\/div>\n            <\/div><\/div>\n\n<div class=\"dipi_image_accordion_child_2 dipi_image_accordion_child et_pb_bg_layout_light et_pb_module\"><div class=\"dipi-ia-image-bg\" style=\"position: relative;\">\n                <div class=\"dipi-bg-img-wrapper\" style=\"position: absolute; top: 0; left: 0; width: 100%; height: 100%; z-index: 0; overflow: hidden;\">\n\t\t\t\t<img loading=\"lazy\" decoding=\"async\" src=\"https:\/\/nlpremium.fr\/wp-content\/uploads\/2026\/03\/freepik__utiliser-limage-fournie-du-camion-de-transport-com__23433-scaled.png\" alt=\"Fourgon 20 M3\" width=\"2560\" height=\"1429\" srcset=\"https:\/\/nlpremium.fr\/wp-content\/uploads\/2026\/03\/freepik__utiliser-limage-fournie-du-camion-de-transport-com__23433-scaled.png 2560w, https:\/\/nlpremium.fr\/wp-content\/uploads\/2026\/03\/freepik__utiliser-limage-fournie-du-camion-de-transport-com__23433-1280x715.png 1280w, https:\/\/nlpremium.fr\/wp-content\/uploads\/2026\/03\/freepik__utiliser-limage-fournie-du-camion-de-transport-com__23433-980x547.png 980w, https:\/\/nlpremium.fr\/wp-content\/uploads\/2026\/03\/freepik__utiliser-limage-fournie-du-camion-de-transport-com__23433-480x268.png 480w\" sizes=\"(min-width: 0px) and (max-width: 480px) 480px, (min-width: 481px) and (max-width: 980px) 980px, (min-width: 981px) and (max-width: 1280px) 1280px, (min-width: 1281px) 2560px, 100vw\" class=\"wp-image-4205\" \/>\n\t\t\t<\/div>\n                <div class=\"dipi_image_accordion_bg dipi_hide_on_hover\"><\/div>\n                <div class=\"dipi_image_accordion_bg_hover\"><\/div>\n                <div class=\"dipi_image_accordion_child_content_wrapper dipi-align-horizontal-center dipi-align-vertical-center\">\n                    <div class=\"dipi-accordion-content\" data-active-on-load=\"1\" data-active-on-load-tablet=\"1\" data-active-on-load-phone=\"1\">\n                        \n                        <h3 class=\"dipi-accordion-title\"><div>20 M3<\/div><\/h3>\n                        <div class=\"dipi-accordion-description\"><div><p style=\"text-align: center;\"><span>Longueur au sol 4 m<\/span><br aria-hidden=\"true\" \/><span>\u00a0Largeur au sol 2 m\u00a0<\/span><br aria-hidden=\"true\" \/><span>\u00a0Hauteur 2 m<\/span><\/p><\/div><\/div>\n                        \n                    <\/div>\n                <\/div>\n            <\/div><\/div>\n\n<div class=\"dipi_image_accordion_child_3 dipi_image_accordion_child et_pb_bg_layout_light et_pb_module\"><div class=\"dipi-ia-image-bg\" style=\"position: relative;\">\n                <div class=\"dipi-bg-img-wrapper\" style=\"position: absolute; top: 0; left: 0; width: 100%; height: 100%; z-index: 0; overflow: hidden;\">\n\t\t\t\t<img loading=\"lazy\" decoding=\"async\" src=\"https:\/\/nlpremium.fr\/wp-content\/uploads\/2026\/03\/470191021_1077516174172705_7980438516251649251_n.jpg\" alt=\"REMORQUE\" width=\"720\" height=\"960\" srcset=\"https:\/\/nlpremium.fr\/wp-content\/uploads\/2026\/03\/470191021_1077516174172705_7980438516251649251_n.jpg 720w, https:\/\/nlpremium.fr\/wp-content\/uploads\/2026\/03\/470191021_1077516174172705_7980438516251649251_n-480x640.jpg 480w\" sizes=\"(min-width: 0px) and (max-width: 480px) 480px, (min-width: 481px) 720px, 100vw\" class=\"wp-image-4303\" \/>\n\t\t\t<\/div>\n                <div class=\"dipi_image_accordion_bg dipi_hide_on_hover\"><\/div>\n                <div class=\"dipi_image_accordion_bg_hover\"><\/div>\n                <div class=\"dipi_image_accordion_child_content_wrapper dipi-align-horizontal-center dipi-align-vertical-center\">\n                    <div class=\"dipi-accordion-content\" data-active-on-load=\"\" data-active-on-load-tablet=\"\" data-active-on-load-phone=\"\">\n                        \n                        <h3 class=\"dipi-accordion-title\"><\/h3>\n                        <div class=\"dipi-accordion-description\"><div><p><span><strong>REMORQUES PORTE VOITURE<\/strong><br \/><\/span><\/p>\n<p><span>Dim. utile\u00a0: 4000 mm x 2000 mm (L x l )<\/span><\/p><\/div><\/div>\n                        \n                    <\/div>\n                <\/div>\n            <\/div><\/div>\n\n            <\/div><\/div>\n\n\n\n\n\n\n\n\n\n\n\n<div class=\"dipi_faq_0 dipi_faq et_pb_bg_layout_light et_pb_module\"><div class=\"dipi-faq-wrapper dipi-faq-accordion loading \" style=\"display: none;\" data-config=\"{&quot;layout&quot;:&quot;accordion&quot;,&quot;open_first&quot;:true,&quot;close_all&quot;:true}\">\n\t\t\t\t<script type=\"application\/ld+json\">{\"@context\":\"https:\\\/\\\/schema.org\",\"@type\":\"FAQPage\",\"@id\":\"https:\\\/\\\/nlpremium.fr\\\/?page_id=4279\",\"mainEntity\":[{\"@type\":\"Question\",\"name\":\"Su mon projet de vie change \\u00e0 la derni\\u00e8re minute, restez-vous \\u00e0 mes c\\u00f4t\\u00e9s ?\",\"acceptedAnswer\":{\"@type\":\"Answer\",\"text\":\"<p>Un d\\u00e9m\\u00e9nagement n'est pas qu'une affaire de logistique, c'est une \\u00e9tape de vie.<br \\\/>\\nRetard de signature chez le notaire, travaux prolong\\u00e9s ou impr\\u00e9vu familial : <b data-path-to-node=\\\"6,0\\\" data-index-in-node=\\\"158\\\">notre flexibilit\\u00e9 est notre signature.<\\\/b> &gt; Contrairement aux plateformes automatis\\u00e9es froides, vous disposez d'un <b data-path-to-node=\\\"6,0\\\" data-index-in-node=\\\"270\\\">r\\u00e9f\\u00e9rent unique<\\\/b> d\\u00e9di\\u00e9 \\u00e0 votre dossier.<\\\/p>\\n<p>Nous ne nous contentons pas de transporter vos biens ; nous adaptons nos plannings, trouvons des solutions de stockage d'urgence et restons joignables en direct. Notre m\\u00e9tier, c'est de porter vos meubles pour que vous n'ayez pas \\u00e0 porter le stress.<\\\/p>\\n\"}},{\"@type\":\"Question\",\"name\":\"Est-il possible de stocker mes meubles entre deux logements ?\",\"acceptedAnswer\":{\"@type\":\"Answer\",\"text\":\"<p>Tout \\u00e0 fait. Si votre nouveau logement n&rsquo;est pas pr\\u00eat, nous proposons des solutions de <b data-path-to-node=\\\"16\\\" data-index-in-node=\\\"87\\\">garde-meubles s\\u00e9curis\\u00e9s<\\\/b> ou de self-stockage partout en France.<br \\\/>\\nVos biens restent emball\\u00e9s et plomb\\u00e9s dans des containers ventil\\u00e9s jusqu&rsquo;\\u00e0 ce que vous soyez pr\\u00eat \\u00e0 emm\\u00e9nager.<\\\/p>\\n\"}},{\"@type\":\"Question\",\"name\":\"Proposez-vous le d\\u00e9montage et le remontage du mobilier ?\",\"acceptedAnswer\":{\"@type\":\"Answer\",\"text\":\"<p>Oui, c&rsquo;est une option courante.<br \\\/>\\nNos \\u00e9quipes sont \\u00e9quip\\u00e9es d&rsquo;outillage professionnel pour d\\u00e9monter les meubles volumineux (armoires, lits mezzanine, bureaux complexes) qui ne passent pas les portes, et les remonter \\u00e0 l&rsquo;identique \\u00e0 l&rsquo;arriv\\u00e9e.<\\\/p>\\n\"}},{\"@type\":\"Question\",\"name\":\"Mes meubles fragiles sont-ils r\\u00e9ellement prot\\u00e9g\\u00e9s ?\",\"acceptedAnswer\":{\"@type\":\"Answer\",\"text\":\"<p data-path-to-node=\\\"9\\\">La s\\u00e9curit\\u00e9 est notre priorit\\u00e9. Nous utilisons un mat\\u00e9riel professionnel sp\\u00e9cifique :<\\\/p>\\n<ul data-path-to-node=\\\"10\\\">\\n<li>\\n<p data-path-to-node=\\\"10,0,0\\\"><b data-path-to-node=\\\"10,0,0\\\" data-index-in-node=\\\"0\\\">Housses matelass\\u00e9es<\\\/b> pour l&rsquo;\\u00e9lectrom\\u00e9nager.<\\\/p>\\n<\\\/li>\\n<li>\\n<p data-path-to-node=\\\"10,1,0\\\"><b data-path-to-node=\\\"10,1,0\\\" data-index-in-node=\\\"0\\\">Mallettes \\u00e0 verres<\\\/b> et assiettes (pas besoin de papier journal !).<\\\/p>\\n<\\\/li>\\n<li>\\n<p data-path-to-node=\\\"10,2,0\\\"><b data-path-to-node=\\\"10,2,0\\\" data-index-in-node=\\\"0\\\">Penderies portables<\\\/b> pour vos v\\u00eatements sur cintres.<\\\/p>\\n<\\\/li>\\n<li>\\n<p data-path-to-node=\\\"10,3,0\\\"><b data-path-to-node=\\\"10,3,0\\\" data-index-in-node=\\\"0\\\">Couvertures de protection<\\\/b> \\u00e9paisses pour chaque meuble charg\\u00e9.<\\\/p>\\n<\\\/li>\\n<\\\/ul>\\n\"}},{\"@type\":\"Question\",\"name\":\"Comment g\\u00e9rez-vous le stationnement dans les grandes villes ?\",\"acceptedAnswer\":{\"@type\":\"Answer\",\"text\":\"<p>C&rsquo;est un point crucial. Nous nous occupons des demandes d&rsquo;<b data-path-to-node=\\\"7\\\" data-index-in-node=\\\"58\\\">autorisation de stationnement<\\\/b> aupr\\u00e8s des mairies (Paris, Lyon, Marseille, etc.).<br \\\/>\\nCela garantit que le camion est gar\\u00e9 l\\u00e9galement et au plus pr\\u00e8s de votre entr\\u00e9e, \\u00e9vitant ainsi des frais de portage suppl\\u00e9mentaires ou des retards logistiques.<\\\/p>\\n\"}},{\"@type\":\"Question\",\"name\":\"Quelle est la diff\\u00e9rence entre un d\\u00e9m\\u00e9nageur et un simple transporteur ?\",\"acceptedAnswer\":{\"@type\":\"Answer\",\"text\":\"<p>Le transporteur livre vos biens d&rsquo;un point A \\u00e0 un point B (souvent au pied de l&rsquo;immeuble).<br \\\/>\\nLe <b data-path-to-node=\\\"5\\\" data-index-in-node=\\\"94\\\">d\\u00e9m\\u00e9nageur professionnel<\\\/b>, lui, prend en charge la manutention complexe : protection des meubles sous couvertures, passage par escaliers ou fen\\u00eatres, chargement optimis\\u00e9 dans le camion pour \\u00e9viter la casse, et remise en place dans les pi\\u00e8ces de destination.<\\\/p>\\n\"}}]}<\/script><div class=\"dipi-faq-entry\" data-entry-number=\"0\">\n                        <div class=\"dipi-faq-title\"><i class=\"dipi-faq-icon-open\">2<\/i><i class=\"dipi-faq-icon-closed\">5<\/i><span>Su mon projet de vie change \u00e0 la derni\u00e8re minute, restez-vous \u00e0 mes c\u00f4t\u00e9s ?<\/span><\/div>\n                        <div class=\"dipi-faq-content\"><p>Un d\u00e9m\u00e9nagement n&rsquo;est pas qu&rsquo;une affaire de logistique, c&rsquo;est une \u00e9tape de vie.<br \/>\nRetard de signature chez le notaire, travaux prolong\u00e9s ou impr\u00e9vu familial : <b data-path-to-node=\"6,0\" data-index-in-node=\"158\">notre flexibilit\u00e9 est notre signature.<\/b> &gt; Contrairement aux plateformes automatis\u00e9es froides, vous disposez d&rsquo;un <b data-path-to-node=\"6,0\" data-index-in-node=\"270\">r\u00e9f\u00e9rent unique<\/b> d\u00e9di\u00e9 \u00e0 votre dossier.<\/p>\n<p>Nous ne nous contentons pas de transporter vos biens ; nous adaptons nos plannings, trouvons des solutions de stockage d&rsquo;urgence et restons joignables en direct. Notre m\u00e9tier, c&rsquo;est de porter vos meubles pour que vous n&rsquo;ayez pas \u00e0 porter le stress.<\/p>\n<\/div>\n                    <\/div><div class=\"dipi-faq-entry\" data-entry-number=\"1\">\n                        <div class=\"dipi-faq-title\"><i class=\"dipi-faq-icon-open\">2<\/i><i class=\"dipi-faq-icon-closed\">5<\/i><span>Est-il possible de stocker mes meubles entre deux logements ?<\/span><\/div>\n                        <div class=\"dipi-faq-content\"><p>Tout \u00e0 fait. Si votre nouveau logement n&rsquo;est pas pr\u00eat, nous proposons des solutions de <b data-path-to-node=\"16\" data-index-in-node=\"87\">garde-meubles s\u00e9curis\u00e9s<\/b> ou de self-stockage partout en France.<br \/>\nVos biens restent emball\u00e9s et plomb\u00e9s dans des containers ventil\u00e9s jusqu&rsquo;\u00e0 ce que vous soyez pr\u00eat \u00e0 emm\u00e9nager.<\/p>\n<\/div>\n                    <\/div><div class=\"dipi-faq-entry\" data-entry-number=\"2\">\n                        <div class=\"dipi-faq-title\"><i class=\"dipi-faq-icon-open\">2<\/i><i class=\"dipi-faq-icon-closed\">5<\/i><span>Proposez-vous le d\u00e9montage et le remontage du mobilier ?<\/span><\/div>\n                        <div class=\"dipi-faq-content\"><p>Oui, c&rsquo;est une option courante.<br \/>\nNos \u00e9quipes sont \u00e9quip\u00e9es d&rsquo;outillage professionnel pour d\u00e9monter les meubles volumineux (armoires, lits mezzanine, bureaux complexes) qui ne passent pas les portes, et les remonter \u00e0 l&rsquo;identique \u00e0 l&rsquo;arriv\u00e9e.<\/p>\n<\/div>\n                    <\/div><div class=\"dipi-faq-entry\" data-entry-number=\"3\">\n                        <div class=\"dipi-faq-title\"><i class=\"dipi-faq-icon-open\">2<\/i><i class=\"dipi-faq-icon-closed\">5<\/i><span>Mes meubles fragiles sont-ils r\u00e9ellement prot\u00e9g\u00e9s ?<\/span><\/div>\n                        <div class=\"dipi-faq-content\"><p data-path-to-node=\"9\">La s\u00e9curit\u00e9 est notre priorit\u00e9. Nous utilisons un mat\u00e9riel professionnel sp\u00e9cifique :<\/p>\n<ul data-path-to-node=\"10\">\n<li>\n<p data-path-to-node=\"10,0,0\"><b data-path-to-node=\"10,0,0\" data-index-in-node=\"0\">Housses matelass\u00e9es<\/b> pour l&rsquo;\u00e9lectrom\u00e9nager.<\/p>\n<\/li>\n<li>\n<p data-path-to-node=\"10,1,0\"><b data-path-to-node=\"10,1,0\" data-index-in-node=\"0\">Mallettes \u00e0 verres<\/b> et assiettes (pas besoin de papier journal !).<\/p>\n<\/li>\n<li>\n<p data-path-to-node=\"10,2,0\"><b data-path-to-node=\"10,2,0\" data-index-in-node=\"0\">Penderies portables<\/b> pour vos v\u00eatements sur cintres.<\/p>\n<\/li>\n<li>\n<p data-path-to-node=\"10,3,0\"><b data-path-to-node=\"10,3,0\" data-index-in-node=\"0\">Couvertures de protection<\/b> \u00e9paisses pour chaque meuble charg\u00e9.<\/p>\n<\/li>\n<\/ul>\n<\/div>\n                    <\/div><div class=\"dipi-faq-entry\" data-entry-number=\"4\">\n                        <div class=\"dipi-faq-title\"><i class=\"dipi-faq-icon-open\">2<\/i><i class=\"dipi-faq-icon-closed\">5<\/i><span>Comment g\u00e9rez-vous le stationnement dans les grandes villes ?<\/span><\/div>\n                        <div class=\"dipi-faq-content\"><p>C&rsquo;est un point crucial. Nous nous occupons des demandes d&rsquo;<b data-path-to-node=\"7\" data-index-in-node=\"58\">autorisation de stationnement<\/b> aupr\u00e8s des mairies (Paris, Lyon, Marseille, etc.).<br \/>\nCela garantit que le camion est gar\u00e9 l\u00e9galement et au plus pr\u00e8s de votre entr\u00e9e, \u00e9vitant ainsi des frais de portage suppl\u00e9mentaires ou des retards logistiques.<\/p>\n<\/div>\n                    <\/div><div class=\"dipi-faq-entry\" data-entry-number=\"5\">\n                        <div class=\"dipi-faq-title\"><i class=\"dipi-faq-icon-open\">2<\/i><i class=\"dipi-faq-icon-closed\">5<\/i><span>Quelle est la diff\u00e9rence entre un d\u00e9m\u00e9nageur et un simple transporteur ?<\/span><\/div>\n                        <div class=\"dipi-faq-content\"><p>Le transporteur livre vos biens d&rsquo;un point A \u00e0 un point B (souvent au pied de l&rsquo;immeuble).<br \/>\nLe <b data-path-to-node=\"5\" data-index-in-node=\"94\">d\u00e9m\u00e9nageur professionnel<\/b>, lui, prend en charge la manutention complexe : protection des meubles sous couvertures, passage par escaliers ou fen\u00eatres, chargement optimis\u00e9 dans le camion pour \u00e9viter la casse, et remise en place dans les pi\u00e8ces de destination.<\/p>\n<\/div>\n                    <\/div>\n\t\t\t<\/div><\/div>\n\n\n","protected":false},"excerpt":{"rendered":"","protected":false},"author":1,"featured_media":0,"parent":0,"menu_order":0,"comment_status":"closed","ping_status":"closed","template":"","meta":{"footnotes":""},"dipi_cpt_category":[],"class_list":["post-4279","page","type-page","status-publish","hentry"],"_links":{"self":[{"href":"https:\/\/nlpremium.fr\/index.php?rest_route=\/wp\/v2\/pages\/4279","targetHints":{"allow":["GET"]}}],"collection":[{"href":"https:\/\/nlpremium.fr\/index.php?rest_route=\/wp\/v2\/pages"}],"about":[{"href":"https:\/\/nlpremium.fr\/index.php?rest_route=\/wp\/v2\/types\/page"}],"author":[{"embeddable":true,"href":"https:\/\/nlpremium.fr\/index.php?rest_route=\/wp\/v2\/users\/1"}],"replies":[{"embeddable":true,"href":"https:\/\/nlpremium.fr\/index.php?rest_route=%2Fwp%2Fv2%2Fcomments&post=4279"}],"version-history":[{"count":0,"href":"https:\/\/nlpremium.fr\/index.php?rest_route=\/wp\/v2\/pages\/4279\/revisions"}],"wp:attachment":[{"href":"https:\/\/nlpremium.fr\/index.php?rest_route=%2Fwp%2Fv2%2Fmedia&parent=4279"}],"wp:term":[{"taxonomy":"dipi_cpt_category","embeddable":true,"href":"https:\/\/nlpremium.fr\/index.php?rest_route=%2Fwp%2Fv2%2Fdipi_cpt_category&post=4279"}],"curies":[{"name":"wp","href":"https:\/\/api.w.org\/{rel}","templated":true}]}}